{"id":229,"date":"2025-01-29T18:37:57","date_gmt":"2025-01-29T18:37:57","guid":{"rendered":"https:\/\/www.domseniora.net\/?page_id=229"},"modified":"2025-01-29T18:39:37","modified_gmt":"2025-01-29T18:39:37","slug":"dps-nad-strumykiem","status":"publish","type":"page","link":"http:\/\/www.domseniora.net\/index.php\/dps-nad-strumykiem\/","title":{"rendered":"DPS &#8222;Nad strumykiem&#8221;"},"content":{"rendered":"\t\t<div data-elementor-type=\"wp-page\" data-elementor-id=\"229\" class=\"elementor elementor-229\">\n\t\t\t\t\t\t<section data-particle_enable=\"false\" data-particle-mobile-disabled=\"false\" class=\"elementor-section elementor-top-section elementor-element elementor-element-28c43808 elementor-section-content-middle elementor-section-boxed elementor-section-height-default elementor-section-height-default\" data-id=\"28c43808\" data-element_type=\"section\" data-e-type=\"section\" data-settings=\"{&quot;background_background&quot;:&quot;classic&quot;}\">\n\t\t\t\t\t\t\t<div class=\"elementor-background-overlay\"><\/div>\n\t\t\t\t\t\t\t<div class=\"elementor-container elementor-column-gap-wide\">\n\t\t\t\t\t<div class=\"elementor-column elementor-col-100 elementor-top-column elementor-element elementor-element-cf24d99\" data-id=\"cf24d99\" data-element_type=\"column\" data-e-type=\"column\">\n\t\t\t<div class=\"elementor-widget-wrap elementor-element-populated\">\n\t\t\t\t\t\t<div class=\"elementor-element elementor-element-1504e9ba elementor-invisible elementor-widget elementor-widget-heading\" data-id=\"1504e9ba\" data-element_type=\"widget\" data-e-type=\"widget\" data-settings=\"{&quot;_animation&quot;:&quot;fadeIn&quot;,&quot;_animation_delay&quot;:100}\" data-widget_type=\"heading.default\">\n\t\t\t\t<div class=\"elementor-widget-container\">\n\t\t\t\t\t<h2 class=\"elementor-heading-title elementor-size-default\">Decyzja Wojewody \u0141\u00f3dzkiego Nr: RPS-III.9423.7.2023\n\n<\/h2>\t\t\t\t<\/div>\n\t\t\t\t<\/div>\n\t\t\t\t<div class=\"elementor-element elementor-element-67aaf271 elementor-widget-divider--view-line elementor-invisible elementor-widget elementor-widget-divider\" data-id=\"67aaf271\" data-element_type=\"widget\" data-e-type=\"widget\" data-settings=\"{&quot;_animation&quot;:&quot;fadeIn&quot;,&quot;_animation_delay&quot;:300}\" data-widget_type=\"divider.default\">\n\t\t\t\t<div class=\"elementor-widget-container\">\n\t\t\t\t\t\t\t<div class=\"elementor-divider\">\n\t\t\t<span class=\"elementor-divider-separator\">\n\t\t\t\t\t\t<\/span>\n\t\t<\/div>\n\t\t\t\t\t\t<\/div>\n\t\t\t\t<\/div>\n\t\t\t\t<div class=\"elementor-element elementor-element-112fd595 elementor-invisible elementor-widget elementor-widget-heading\" data-id=\"112fd595\" data-element_type=\"widget\" data-e-type=\"widget\" data-settings=\"{&quot;_animation&quot;:&quot;fadeIn&quot;,&quot;_animation_delay&quot;:150}\" data-widget_type=\"heading.default\">\n\t\t\t\t<div class=\"elementor-widget-container\">\n\t\t\t\t\t<h2 class=\"elementor-heading-title elementor-size-default\">Dom Opieki \"Nad Strumykiem\" to nowy dom opieki oferuj\u0105cy pobyt w pokojach jedno,  dwuosobowych i trzyosobowych, ka\u017cdy z w\u0142asn\u0105 \u0142azienk\u0105 i instalacj\u0105 przyzywow\u0105. Pokoje zosta\u0142y wyposa\u017cone w funkcjonalne i estetyczne meble. Osobom le\u017c\u0105cym zapewniamy \u0142\u00f3\u017cka specjalistyczne. Budynek i jego otoczenie s\u0105 bez barier architektonicznych. Mieszka\u0144cy mog\u0105 korzysta\u0107 z nowoczesnej windy. \u0141azienki wyposa\u017cone s\u0105 w uchwyty dla os\u00f3b niepe\u0142nosprawnych, a prysznice wykonano na tym samym poziomie co pod\u0142oga.\n\n \n\n     Naszym seniorom oferujemy wy\u017cywienie w postaci pi\u0119ciu posi\u0142k\u00f3w dziennie, na kt\u00f3re sk\u0142adaj\u0105 si\u0119 trzy posi\u0142ki g\u0142\u00f3wne oraz dodatkowo drugie \u015bniadanie i podwieczorek, z uwzgl\u0119dnieniem indywidualnych diet , zaleconych przez lekarza. Dodatkowo mieszka\u0144cy maj\u0105 nieograniczony dost\u0119p do drobnych przek\u0105sek i napoj\u00f3w. Wszystkie posi\u0142ki przygotowujemy sami w profesjonalnej kuchni urz\u0105dzonej zgodnie z zasadami HACAP. Posi\u0142ki podajemy w jadali oraz  w razie potrzeby tak\u017ce w pokojach.\n    Nad bezpiecze\u0144stwem i dobrym samopoczuciem naszych mieszka\u0144c\u00f3w czuwa wykwalifikowany personel medyczny. Opiek\u0119 lekarsk\u0105 sprawuje lekarz rodzinny, kt\u00f3rego wizyty odbywaj\u0105 si\u0119 przynajmniej raz w tygodniu oraz ka\u017cdorazowo na wezwanie. W naszym Domu, opr\u00f3cz pomocy w codziennych czynno\u015bciach, dbamy, aby mieszka\u0144cy aktywnie sp\u0119dzali czas wolny. W tym celu przygotowali\u015bmy specjaln\u0105 sal\u0119 rehabilitacyjn\u0105 oraz \u015bwietlic\u0119. Zach\u0119camy do udzia\u0142u w warsztatach terapii zaj\u0119ciowej oraz wsp\u00f3lnych zaj\u0119\u0107 prowadzonych przez naszego rehabilitanta. Istnieje mo\u017cliwo\u015b\u0107 skorzystania z programu indywidualnej rehabilitacji.\n    Posiadamy ogr\u00f3d, staw z rybami, konie kozy kr\u00f3liki, go\u0142\u0119bie, kury, aby urozmaici\u0107 pobyt naszych pensjonariuszy i w miar\u0119 swoich potrzeb mogli aktywnie sp\u0119dzi\u0107 czas.\n    Osoby odwiedzaj\u0105ce swoich bliskich maj\u0105 do dyspozycji pok\u00f3j go\u015bcinny.<\/h2>\t\t\t\t<\/div>\n\t\t\t\t<\/div>\n\t\t\t\t\t<\/div>\n\t\t<\/div>\n\t\t\t\t\t<\/div>\n\t\t<\/section>\n\t\t\t\t<\/div>\n\t\t","protected":false},"excerpt":{"rendered":"<p>Decyzja Wojewody \u0141\u00f3dzkiego Nr: RPS-III.9423.7.2023 Dom Opieki &#8222;Nad Strumykiem&#8221; to nowy dom opieki oferuj\u0105cy pobyt w pokojach jedno, dwuosobowych i trzyosobowych, ka\u017cdy z w\u0142asn\u0105 \u0142azienk\u0105 i instalacj\u0105 przyzywow\u0105. Pokoje zosta\u0142y wyposa\u017cone w funkcjonalne i estetyczne meble. Osobom le\u017c\u0105cym zapewniamy \u0142\u00f3\u017cka specjalistyczne. Budynek i jego otoczenie s\u0105 bez barier architektonicznych. Mieszka\u0144cy mog\u0105 korzysta\u0107 z nowoczesnej windy. [&hellip;]<\/p>\n","protected":false},"author":1,"featured_media":0,"parent":0,"menu_order":0,"comment_status":"closed","ping_status":"closed","template":"elementor_canvas","meta":{"footnotes":""},"class_list":["post-229","page","type-page","status-publish","hentry"],"yoast_head":"<!-- This site is optimized with the Yoast SEO plugin v26.8 - https:\/\/yoast.com\/product\/yoast-seo-wordpress\/ -->\n<title>DPS &quot;Nad strumykiem&quot; - Zak\u0142ad opieku\u0144czy - Dom Seniora - Nad Strumykiem<\/title>\n<meta name=\"robots\" content=\"index, follow, max-snippet:-1, max-image-preview:large, max-video-preview:-1\" \/>\n<link rel=\"canonical\" href=\"https:\/\/www.domseniora.net\/index.php\/dps-nad-strumykiem\/\" \/>\n<meta property=\"og:locale\" content=\"pl_PL\" \/>\n<meta property=\"og:type\" content=\"article\" \/>\n<meta property=\"og:title\" content=\"DPS &quot;Nad strumykiem&quot; - Zak\u0142ad opieku\u0144czy - Dom Seniora - Nad Strumykiem\" \/>\n<meta property=\"og:description\" content=\"Decyzja Wojewody \u0141\u00f3dzkiego Nr: RPS-III.9423.7.2023 Dom Opieki &#8222;Nad Strumykiem&#8221; to nowy dom opieki oferuj\u0105cy pobyt w pokojach jedno, dwuosobowych i trzyosobowych, ka\u017cdy z w\u0142asn\u0105 \u0142azienk\u0105 i instalacj\u0105 przyzywow\u0105. Pokoje zosta\u0142y wyposa\u017cone w funkcjonalne i estetyczne meble. Osobom le\u017c\u0105cym zapewniamy \u0142\u00f3\u017cka specjalistyczne. Budynek i jego otoczenie s\u0105 bez barier architektonicznych. Mieszka\u0144cy mog\u0105 korzysta\u0107 z nowoczesnej windy. [&hellip;]\" \/>\n<meta property=\"og:url\" content=\"https:\/\/www.domseniora.net\/index.php\/dps-nad-strumykiem\/\" \/>\n<meta property=\"og:site_name\" content=\"Zak\u0142ad opieku\u0144czy - Dom Seniora - Nad Strumykiem\" \/>\n<meta property=\"article:modified_time\" content=\"2025-01-29T18:39:37+00:00\" \/>\n<meta name=\"twitter:card\" content=\"summary_large_image\" \/>\n<meta name=\"twitter:label1\" content=\"Szacowany czas czytania\" \/>\n\t<meta name=\"twitter:data1\" content=\"1 minuta\" \/>\n<script type=\"application\/ld+json\" class=\"yoast-schema-graph\">{\"@context\":\"https:\/\/schema.org\",\"@graph\":[{\"@type\":\"WebPage\",\"@id\":\"https:\/\/www.domseniora.net\/index.php\/dps-nad-strumykiem\/\",\"url\":\"https:\/\/www.domseniora.net\/index.php\/dps-nad-strumykiem\/\",\"name\":\"DPS \\\"Nad strumykiem\\\" - Zak\u0142ad opieku\u0144czy - Dom Seniora - Nad Strumykiem\",\"isPartOf\":{\"@id\":\"https:\/\/www.domseniora.net\/#website\"},\"datePublished\":\"2025-01-29T18:37:57+00:00\",\"dateModified\":\"2025-01-29T18:39:37+00:00\",\"breadcrumb\":{\"@id\":\"https:\/\/www.domseniora.net\/index.php\/dps-nad-strumykiem\/#breadcrumb\"},\"inLanguage\":\"pl-PL\",\"potentialAction\":[{\"@type\":\"ReadAction\",\"target\":[\"https:\/\/www.domseniora.net\/index.php\/dps-nad-strumykiem\/\"]}]},{\"@type\":\"BreadcrumbList\",\"@id\":\"https:\/\/www.domseniora.net\/index.php\/dps-nad-strumykiem\/#breadcrumb\",\"itemListElement\":[{\"@type\":\"ListItem\",\"position\":1,\"name\":\"Strona g\u0142\u00f3wna\",\"item\":\"https:\/\/www.domseniora.net\/\"},{\"@type\":\"ListItem\",\"position\":2,\"name\":\"DPS &#8222;Nad strumykiem&#8221;\"}]},{\"@type\":\"WebSite\",\"@id\":\"https:\/\/www.domseniora.net\/#website\",\"url\":\"https:\/\/www.domseniora.net\/\",\"name\":\"Zak\u0142ad opieku\u0144czy - Dom Seniora - Nad Strumykiem\",\"description\":\"Zielono mi\",\"publisher\":{\"@id\":\"https:\/\/www.domseniora.net\/#organization\"},\"potentialAction\":[{\"@type\":\"SearchAction\",\"target\":{\"@type\":\"EntryPoint\",\"urlTemplate\":\"https:\/\/www.domseniora.net\/?s={search_term_string}\"},\"query-input\":{\"@type\":\"PropertyValueSpecification\",\"valueRequired\":true,\"valueName\":\"search_term_string\"}}],\"inLanguage\":\"pl-PL\"},{\"@type\":\"Organization\",\"@id\":\"https:\/\/www.domseniora.net\/#organization\",\"name\":\"Zak\u0142ad opieku\u0144czy - Dom Seniora - Nad Strumykiem\",\"url\":\"https:\/\/www.domseniora.net\/\",\"logo\":{\"@type\":\"ImageObject\",\"inLanguage\":\"pl-PL\",\"@id\":\"https:\/\/www.domseniora.net\/#\/schema\/logo\/image\/\",\"url\":\"http:\/\/www.domseniora.net\/wp-content\/uploads\/2025\/06\/IMG_20250605_071240.jpg\",\"contentUrl\":\"http:\/\/www.domseniora.net\/wp-content\/uploads\/2025\/06\/IMG_20250605_071240.jpg\",\"width\":3072,\"height\":4096,\"caption\":\"Zak\u0142ad opieku\u0144czy - Dom Seniora - Nad Strumykiem\"},\"image\":{\"@id\":\"https:\/\/www.domseniora.net\/#\/schema\/logo\/image\/\"}}]}<\/script>\n<!-- \/ Yoast SEO plugin. -->","yoast_head_json":{"title":"DPS \"Nad strumykiem\" - Zak\u0142ad opieku\u0144czy - Dom Seniora - Nad Strumykiem","robots":{"index":"index","follow":"follow","max-snippet":"max-snippet:-1","max-image-preview":"max-image-preview:large","max-video-preview":"max-video-preview:-1"},"canonical":"https:\/\/www.domseniora.net\/index.php\/dps-nad-strumykiem\/","og_locale":"pl_PL","og_type":"article","og_title":"DPS \"Nad strumykiem\" - Zak\u0142ad opieku\u0144czy - Dom Seniora - Nad Strumykiem","og_description":"Decyzja Wojewody \u0141\u00f3dzkiego Nr: RPS-III.9423.7.2023 Dom Opieki &#8222;Nad Strumykiem&#8221; to nowy dom opieki oferuj\u0105cy pobyt w pokojach jedno, dwuosobowych i trzyosobowych, ka\u017cdy z w\u0142asn\u0105 \u0142azienk\u0105 i instalacj\u0105 przyzywow\u0105. Pokoje zosta\u0142y wyposa\u017cone w funkcjonalne i estetyczne meble. Osobom le\u017c\u0105cym zapewniamy \u0142\u00f3\u017cka specjalistyczne. Budynek i jego otoczenie s\u0105 bez barier architektonicznych. Mieszka\u0144cy mog\u0105 korzysta\u0107 z nowoczesnej windy. [&hellip;]","og_url":"https:\/\/www.domseniora.net\/index.php\/dps-nad-strumykiem\/","og_site_name":"Zak\u0142ad opieku\u0144czy - Dom Seniora - Nad Strumykiem","article_modified_time":"2025-01-29T18:39:37+00:00","twitter_card":"summary_large_image","twitter_misc":{"Szacowany czas czytania":"1 minuta"},"schema":{"@context":"https:\/\/schema.org","@graph":[{"@type":"WebPage","@id":"https:\/\/www.domseniora.net\/index.php\/dps-nad-strumykiem\/","url":"https:\/\/www.domseniora.net\/index.php\/dps-nad-strumykiem\/","name":"DPS \"Nad strumykiem\" - Zak\u0142ad opieku\u0144czy - Dom Seniora - Nad Strumykiem","isPartOf":{"@id":"https:\/\/www.domseniora.net\/#website"},"datePublished":"2025-01-29T18:37:57+00:00","dateModified":"2025-01-29T18:39:37+00:00","breadcrumb":{"@id":"https:\/\/www.domseniora.net\/index.php\/dps-nad-strumykiem\/#breadcrumb"},"inLanguage":"pl-PL","potentialAction":[{"@type":"ReadAction","target":["https:\/\/www.domseniora.net\/index.php\/dps-nad-strumykiem\/"]}]},{"@type":"BreadcrumbList","@id":"https:\/\/www.domseniora.net\/index.php\/dps-nad-strumykiem\/#breadcrumb","itemListElement":[{"@type":"ListItem","position":1,"name":"Strona g\u0142\u00f3wna","item":"https:\/\/www.domseniora.net\/"},{"@type":"ListItem","position":2,"name":"DPS &#8222;Nad strumykiem&#8221;"}]},{"@type":"WebSite","@id":"https:\/\/www.domseniora.net\/#website","url":"https:\/\/www.domseniora.net\/","name":"Zak\u0142ad opieku\u0144czy - Dom Seniora - Nad Strumykiem","description":"Zielono mi","publisher":{"@id":"https:\/\/www.domseniora.net\/#organization"},"potentialAction":[{"@type":"SearchAction","target":{"@type":"EntryPoint","urlTemplate":"https:\/\/www.domseniora.net\/?s={search_term_string}"},"query-input":{"@type":"PropertyValueSpecification","valueRequired":true,"valueName":"search_term_string"}}],"inLanguage":"pl-PL"},{"@type":"Organization","@id":"https:\/\/www.domseniora.net\/#organization","name":"Zak\u0142ad opieku\u0144czy - Dom Seniora - Nad Strumykiem","url":"https:\/\/www.domseniora.net\/","logo":{"@type":"ImageObject","inLanguage":"pl-PL","@id":"https:\/\/www.domseniora.net\/#\/schema\/logo\/image\/","url":"http:\/\/www.domseniora.net\/wp-content\/uploads\/2025\/06\/IMG_20250605_071240.jpg","contentUrl":"http:\/\/www.domseniora.net\/wp-content\/uploads\/2025\/06\/IMG_20250605_071240.jpg","width":3072,"height":4096,"caption":"Zak\u0142ad opieku\u0144czy - Dom Seniora - Nad Strumykiem"},"image":{"@id":"https:\/\/www.domseniora.net\/#\/schema\/logo\/image\/"}}]}},"_links":{"self":[{"href":"http:\/\/www.domseniora.net\/index.php\/wp-json\/wp\/v2\/pages\/229","targetHints":{"allow":["GET"]}}],"collection":[{"href":"http:\/\/www.domseniora.net\/index.php\/wp-json\/wp\/v2\/pages"}],"about":[{"href":"http:\/\/www.domseniora.net\/index.php\/wp-json\/wp\/v2\/types\/page"}],"author":[{"embeddable":true,"href":"http:\/\/www.domseniora.net\/index.php\/wp-json\/wp\/v2\/users\/1"}],"replies":[{"embeddable":true,"href":"http:\/\/www.domseniora.net\/index.php\/wp-json\/wp\/v2\/comments?post=229"}],"version-history":[{"count":4,"href":"http:\/\/www.domseniora.net\/index.php\/wp-json\/wp\/v2\/pages\/229\/revisions"}],"predecessor-version":[{"id":233,"href":"http:\/\/www.domseniora.net\/index.php\/wp-json\/wp\/v2\/pages\/229\/revisions\/233"}],"wp:attachment":[{"href":"http:\/\/www.domseniora.net\/index.php\/wp-json\/wp\/v2\/media?parent=229"}],"curies":[{"name":"wp","href":"https:\/\/api.w.org\/{rel}","templated":true}]}}