{"id":1174,"date":"2025-05-05T19:25:09","date_gmt":"2025-05-05T19:25:09","guid":{"rendered":"https:\/\/www.domseniora.net\/?page_id=1174"},"modified":"2025-11-26T13:05:36","modified_gmt":"2025-11-26T13:05:36","slug":"opinie","status":"publish","type":"page","link":"https:\/\/www.domseniora.net\/index.php\/opinie\/","title":{"rendered":"Opinie"},"content":{"rendered":"\t\t<div data-elementor-type=\"wp-page\" data-elementor-id=\"1174\" class=\"elementor elementor-1174\">\n\t\t\t\t\t\t<section data-particle_enable=\"false\" data-particle-mobile-disabled=\"false\" class=\"elementor-section elementor-top-section elementor-element elementor-element-16047885 elementor-section-stretched elementor-section-boxed elementor-section-height-default elementor-section-height-default\" data-id=\"16047885\" data-element_type=\"section\" data-e-type=\"section\" data-settings=\"{&quot;background_background&quot;:&quot;classic&quot;,&quot;stretch_section&quot;:&quot;section-stretched&quot;}\">\n\t\t\t\t\t\t\t<div class=\"elementor-background-overlay\"><\/div>\n\t\t\t\t\t\t\t<div class=\"elementor-container elementor-column-gap-default\">\n\t\t\t\t\t<div class=\"elementor-column elementor-col-100 elementor-top-column elementor-element elementor-element-61d27cf8\" data-id=\"61d27cf8\" data-element_type=\"column\" data-e-type=\"column\">\n\t\t\t<div class=\"elementor-widget-wrap elementor-element-populated\">\n\t\t\t\t\t\t<section data-particle_enable=\"false\" data-particle-mobile-disabled=\"false\" class=\"elementor-section elementor-top-section elementor-element elementor-element-487cd54b elementor-section-boxed elementor-section-height-default elementor-section-height-default\" data-id=\"487cd54b\" data-element_type=\"section\" data-e-type=\"section\" data-settings=\"{&quot;background_background&quot;:&quot;classic&quot;}\">\n\t\t\t\t\t\t<div class=\"elementor-container elementor-column-gap-no\">\n\t\t\t\t\t<div class=\"elementor-column elementor-col-100 elementor-top-column elementor-element elementor-element-1990941c\" data-id=\"1990941c\" data-element_type=\"column\" data-e-type=\"column\">\n\t\t\t<div class=\"elementor-widget-wrap elementor-element-populated\">\n\t\t\t\t\t\t<div class=\"elementor-element elementor-element-6c967db0 elementor-widget elementor-widget-heading\" data-id=\"6c967db0\" data-element_type=\"widget\" data-e-type=\"widget\" data-widget_type=\"heading.default\">\n\t\t\t\t<div class=\"elementor-widget-container\">\n\t\t\t\t\t<h2 class=\"elementor-heading-title elementor-size-default\">Opinie<\/h2>\t\t\t\t<\/div>\n\t\t\t\t<\/div>\n\t\t\t\t\t<\/div>\n\t\t<\/div>\n\t\t\t\t\t<\/div>\n\t\t<\/section>\n\t\t\t\t<section data-particle_enable=\"false\" data-particle-mobile-disabled=\"false\" class=\"elementor-section elementor-inner-section elementor-element elementor-element-3601742a elementor-section-boxed elementor-section-height-default elementor-section-height-default\" data-id=\"3601742a\" data-element_type=\"section\" data-e-type=\"section\">\n\t\t\t\t\t\t<div class=\"elementor-container elementor-column-gap-default\">\n\t\t\t\t\t<div class=\"elementor-column elementor-col-100 elementor-inner-column elementor-element elementor-element-5c58f0b3\" data-id=\"5c58f0b3\" data-element_type=\"column\" data-e-type=\"column\" data-settings=\"{&quot;background_background&quot;:&quot;classic&quot;}\">\n\t\t\t<div class=\"elementor-widget-wrap elementor-element-populated\">\n\t\t\t\t\t\t<div class=\"elementor-element elementor-element-7ea98990 elementor-widget elementor-widget-text-editor\" data-id=\"7ea98990\" data-element_type=\"widget\" data-e-type=\"widget\" data-widget_type=\"text-editor.default\">\n\t\t\t\t<div class=\"elementor-widget-container\">\n\t\t\t\t\t\t\t\t\t<p>Dom Seniora Nad Strumykiem to dom z dusz\u0105 .Wspania\u0142a opieka, podej\u015bcie pa\u0144 opiekunek do ka\u017cdego pensjonariusza. Bardzo dobre posi\u0142ki.<br \/>Rodzinna atmosfera. Oby wi\u0119cej takich prawdziwych Dom\u00f3w Seniora! Babcia jest naprawd\u0119 w bardzo dobrych r\u0119kach.<\/p><p>Zenia<\/p><hr \/><p>Wspania\u0142y dom z pi\u0119knym ogrodem, przyjazna atmosfera, komfortowe warunki. Zaanga\u017cowany i profesjonalny personel, kt\u00f3ry dba o stan fizyczny jak i psychiczny senior\u00f3w. Serdecznie polecam.<\/p><p>Darek W.<\/p><p>&#8212;&#8212;&#8212;&#8212;&#8212;&#8212;&#8212;&#8212;&#8212;&#8212;&#8212;&#8212;&#8212;&#8212;&#8212;&#8212;&#8212;&#8212;&#8212;&#8212;&#8212;&#8212;&#8212;&#8212;&#8212;&#8212;&#8212;&#8212;&#8212;&#8212;-<\/p><p>Ciesz\u0119 si\u0119, \u017ce Mamusia jest w Nad Strumykiem. By\u0142o trudno si\u0119 mi zdecydowa\u0107, jednak mia\u0142am intuicj\u0119. Wierzy\u0142am i si\u0119 nie zawiod\u0142am. Mama czuj\u0119 si\u0119 lepiej i jest zadowolona z towarzystwa. Wspania\u0142e opiekunki.<\/p><p>&#8212;&#8212;&#8212;&#8212;&#8212;&#8212;&#8212;&#8212;&#8212;&#8212;&#8212;&#8212;&#8212;&#8212;&#8212;&#8212;&#8212;&#8212;&#8212;&#8212;&#8212;&#8212;&#8212;&#8212;&#8212;&#8212;&#8212;&#8212;&#8212;-<\/p><p>Dzi\u0119kuj\u0119 za wspania\u0142\u0105 opiek\u0119, zreszt\u0105, zasze dostaj\u0119 ksi\u0105\u017ck\u0119 odwiedzin to tam widz\u0119, \u017ce nie tylko ja mam tak dobre zdanie o domu Nad Strumykiem. Ciesz\u0119 si\u0119, \u017ce m\u00f3j brat mo\u017ce mi\u0142\u00f3o sp\u0119dza\u0107 czas w otoczeniu mi\u0142ych opiekunek. Przy dobrym jedzeniu.<\/p><hr \/>\t\t\t\t\t\t\t\t<\/div>\n\t\t\t\t<\/div>\n\t\t\t\t<div class=\"elementor-element elementor-element-23fd7929 elementor-tablet-align-center elementor-align-center elementor-widget elementor-widget-button\" data-id=\"23fd7929\" data-element_type=\"widget\" data-e-type=\"widget\" data-widget_type=\"button.default\">\n\t\t\t\t<div class=\"elementor-widget-container\">\n\t\t\t\t\t\t\t\t\t<div class=\"elementor-button-wrapper\">\n\t\t\t\t\t<a class=\"elementor-button elementor-button-link elementor-size-sm\" href=\"#\">\n\t\t\t\t\t\t<span class=\"elementor-button-content-wrapper\">\n\t\t\t\t\t\t<span class=\"elementor-button-icon\">\n\t\t\t\t<i aria-hidden=\"true\" class=\"fas fa-caret-right\"><\/i>\t\t\t<\/span>\n\t\t\t\t\t\t\t\t\t<span class=\"elementor-button-text\">Show More<\/span>\n\t\t\t\t\t<\/span>\n\t\t\t\t\t<\/a>\n\t\t\t\t<\/div>\n\t\t\t\t\t\t\t\t<\/div>\n\t\t\t\t<\/div>\n\t\t\t\t\t<\/div>\n\t\t<\/div>\n\t\t\t\t\t<\/div>\n\t\t<\/section>\n\t\t\t\t\t<\/div>\n\t\t<\/div>\n\t\t\t\t\t<\/div>\n\t\t<\/section>\n\t\t\t\t<\/div>\n\t\t","protected":false},"excerpt":{"rendered":"<p>Opinie Dom Seniora Nad Strumykiem to dom z dusz\u0105 .Wspania\u0142a opieka, podej\u015bcie pa\u0144 opiekunek do ka\u017cdego pensjonariusza. Bardzo dobre posi\u0142ki.Rodzinna atmosfera. Oby wi\u0119cej takich prawdziwych Dom\u00f3w Seniora! Babcia jest naprawd\u0119 w bardzo dobrych r\u0119kach. Zenia Wspania\u0142y dom z pi\u0119knym ogrodem, przyjazna atmosfera, komfortowe warunki. Zaanga\u017cowany i profesjonalny personel, kt\u00f3ry dba o stan fizyczny jak i [&hellip;]<\/p>\n","protected":false},"author":1,"featured_media":0,"parent":0,"menu_order":0,"comment_status":"closed","ping_status":"closed","template":"elementor_canvas","meta":{"footnotes":""},"class_list":["post-1174","page","type-page","status-publish","hentry"],"yoast_head":"<!-- This site is optimized with the Yoast SEO plugin v26.8 - https:\/\/yoast.com\/product\/yoast-seo-wordpress\/ -->\n<title>Opinie - Zak\u0142ad opieku\u0144czy - Dom Seniora - Nad Strumykiem<\/title>\n<meta name=\"robots\" content=\"index, follow, max-snippet:-1, max-image-preview:large, max-video-preview:-1\" \/>\n<link rel=\"canonical\" href=\"https:\/\/www.domseniora.net\/index.php\/opinie\/\" \/>\n<meta property=\"og:locale\" content=\"pl_PL\" \/>\n<meta property=\"og:type\" content=\"article\" \/>\n<meta property=\"og:title\" content=\"Opinie - Zak\u0142ad opieku\u0144czy - Dom Seniora - Nad Strumykiem\" \/>\n<meta property=\"og:description\" content=\"Opinie Dom Seniora Nad Strumykiem to dom z dusz\u0105 .Wspania\u0142a opieka, podej\u015bcie pa\u0144 opiekunek do ka\u017cdego pensjonariusza. Bardzo dobre posi\u0142ki.Rodzinna atmosfera. Oby wi\u0119cej takich prawdziwych Dom\u00f3w Seniora! Babcia jest naprawd\u0119 w bardzo dobrych r\u0119kach. Zenia Wspania\u0142y dom z pi\u0119knym ogrodem, przyjazna atmosfera, komfortowe warunki. Zaanga\u017cowany i profesjonalny personel, kt\u00f3ry dba o stan fizyczny jak i [&hellip;]\" \/>\n<meta property=\"og:url\" content=\"https:\/\/www.domseniora.net\/index.php\/opinie\/\" \/>\n<meta property=\"og:site_name\" content=\"Zak\u0142ad opieku\u0144czy - Dom Seniora - Nad Strumykiem\" \/>\n<meta property=\"article:modified_time\" content=\"2025-11-26T13:05:36+00:00\" \/>\n<meta name=\"twitter:card\" content=\"summary_large_image\" \/>\n<meta name=\"twitter:label1\" content=\"Szacowany czas czytania\" \/>\n\t<meta name=\"twitter:data1\" content=\"1 minuta\" \/>\n<script type=\"application\/ld+json\" class=\"yoast-schema-graph\">{\"@context\":\"https:\/\/schema.org\",\"@graph\":[{\"@type\":\"WebPage\",\"@id\":\"https:\/\/www.domseniora.net\/index.php\/opinie\/\",\"url\":\"https:\/\/www.domseniora.net\/index.php\/opinie\/\",\"name\":\"Opinie - Zak\u0142ad opieku\u0144czy - Dom Seniora - Nad Strumykiem\",\"isPartOf\":{\"@id\":\"https:\/\/www.domseniora.net\/#website\"},\"datePublished\":\"2025-05-05T19:25:09+00:00\",\"dateModified\":\"2025-11-26T13:05:36+00:00\",\"breadcrumb\":{\"@id\":\"https:\/\/www.domseniora.net\/index.php\/opinie\/#breadcrumb\"},\"inLanguage\":\"pl-PL\",\"potentialAction\":[{\"@type\":\"ReadAction\",\"target\":[\"https:\/\/www.domseniora.net\/index.php\/opinie\/\"]}]},{\"@type\":\"BreadcrumbList\",\"@id\":\"https:\/\/www.domseniora.net\/index.php\/opinie\/#breadcrumb\",\"itemListElement\":[{\"@type\":\"ListItem\",\"position\":1,\"name\":\"Strona g\u0142\u00f3wna\",\"item\":\"https:\/\/www.domseniora.net\/\"},{\"@type\":\"ListItem\",\"position\":2,\"name\":\"Opinie\"}]},{\"@type\":\"WebSite\",\"@id\":\"https:\/\/www.domseniora.net\/#website\",\"url\":\"https:\/\/www.domseniora.net\/\",\"name\":\"Zak\u0142ad opieku\u0144czy - Dom Seniora - Nad Strumykiem\",\"description\":\"Zielono mi\",\"publisher\":{\"@id\":\"https:\/\/www.domseniora.net\/#organization\"},\"potentialAction\":[{\"@type\":\"SearchAction\",\"target\":{\"@type\":\"EntryPoint\",\"urlTemplate\":\"https:\/\/www.domseniora.net\/?s={search_term_string}\"},\"query-input\":{\"@type\":\"PropertyValueSpecification\",\"valueRequired\":true,\"valueName\":\"search_term_string\"}}],\"inLanguage\":\"pl-PL\"},{\"@type\":\"Organization\",\"@id\":\"https:\/\/www.domseniora.net\/#organization\",\"name\":\"Zak\u0142ad opieku\u0144czy - Dom Seniora - Nad Strumykiem\",\"url\":\"https:\/\/www.domseniora.net\/\",\"logo\":{\"@type\":\"ImageObject\",\"inLanguage\":\"pl-PL\",\"@id\":\"https:\/\/www.domseniora.net\/#\/schema\/logo\/image\/\",\"url\":\"https:\/\/www.domseniora.net\/wp-content\/uploads\/2025\/06\/IMG_20250605_071240.jpg\",\"contentUrl\":\"https:\/\/www.domseniora.net\/wp-content\/uploads\/2025\/06\/IMG_20250605_071240.jpg\",\"width\":3072,\"height\":4096,\"caption\":\"Zak\u0142ad opieku\u0144czy - Dom Seniora - Nad Strumykiem\"},\"image\":{\"@id\":\"https:\/\/www.domseniora.net\/#\/schema\/logo\/image\/\"}}]}<\/script>\n<!-- \/ Yoast SEO plugin. -->","yoast_head_json":{"title":"Opinie - Zak\u0142ad opieku\u0144czy - Dom Seniora - Nad Strumykiem","robots":{"index":"index","follow":"follow","max-snippet":"max-snippet:-1","max-image-preview":"max-image-preview:large","max-video-preview":"max-video-preview:-1"},"canonical":"https:\/\/www.domseniora.net\/index.php\/opinie\/","og_locale":"pl_PL","og_type":"article","og_title":"Opinie - Zak\u0142ad opieku\u0144czy - Dom Seniora - Nad Strumykiem","og_description":"Opinie Dom Seniora Nad Strumykiem to dom z dusz\u0105 .Wspania\u0142a opieka, podej\u015bcie pa\u0144 opiekunek do ka\u017cdego pensjonariusza. Bardzo dobre posi\u0142ki.Rodzinna atmosfera. Oby wi\u0119cej takich prawdziwych Dom\u00f3w Seniora! Babcia jest naprawd\u0119 w bardzo dobrych r\u0119kach. Zenia Wspania\u0142y dom z pi\u0119knym ogrodem, przyjazna atmosfera, komfortowe warunki. Zaanga\u017cowany i profesjonalny personel, kt\u00f3ry dba o stan fizyczny jak i [&hellip;]","og_url":"https:\/\/www.domseniora.net\/index.php\/opinie\/","og_site_name":"Zak\u0142ad opieku\u0144czy - Dom Seniora - Nad Strumykiem","article_modified_time":"2025-11-26T13:05:36+00:00","twitter_card":"summary_large_image","twitter_misc":{"Szacowany czas czytania":"1 minuta"},"schema":{"@context":"https:\/\/schema.org","@graph":[{"@type":"WebPage","@id":"https:\/\/www.domseniora.net\/index.php\/opinie\/","url":"https:\/\/www.domseniora.net\/index.php\/opinie\/","name":"Opinie - Zak\u0142ad opieku\u0144czy - Dom Seniora - Nad Strumykiem","isPartOf":{"@id":"https:\/\/www.domseniora.net\/#website"},"datePublished":"2025-05-05T19:25:09+00:00","dateModified":"2025-11-26T13:05:36+00:00","breadcrumb":{"@id":"https:\/\/www.domseniora.net\/index.php\/opinie\/#breadcrumb"},"inLanguage":"pl-PL","potentialAction":[{"@type":"ReadAction","target":["https:\/\/www.domseniora.net\/index.php\/opinie\/"]}]},{"@type":"BreadcrumbList","@id":"https:\/\/www.domseniora.net\/index.php\/opinie\/#breadcrumb","itemListElement":[{"@type":"ListItem","position":1,"name":"Strona g\u0142\u00f3wna","item":"https:\/\/www.domseniora.net\/"},{"@type":"ListItem","position":2,"name":"Opinie"}]},{"@type":"WebSite","@id":"https:\/\/www.domseniora.net\/#website","url":"https:\/\/www.domseniora.net\/","name":"Zak\u0142ad opieku\u0144czy - Dom Seniora - Nad Strumykiem","description":"Zielono mi","publisher":{"@id":"https:\/\/www.domseniora.net\/#organization"},"potentialAction":[{"@type":"SearchAction","target":{"@type":"EntryPoint","urlTemplate":"https:\/\/www.domseniora.net\/?s={search_term_string}"},"query-input":{"@type":"PropertyValueSpecification","valueRequired":true,"valueName":"search_term_string"}}],"inLanguage":"pl-PL"},{"@type":"Organization","@id":"https:\/\/www.domseniora.net\/#organization","name":"Zak\u0142ad opieku\u0144czy - Dom Seniora - Nad Strumykiem","url":"https:\/\/www.domseniora.net\/","logo":{"@type":"ImageObject","inLanguage":"pl-PL","@id":"https:\/\/www.domseniora.net\/#\/schema\/logo\/image\/","url":"https:\/\/www.domseniora.net\/wp-content\/uploads\/2025\/06\/IMG_20250605_071240.jpg","contentUrl":"https:\/\/www.domseniora.net\/wp-content\/uploads\/2025\/06\/IMG_20250605_071240.jpg","width":3072,"height":4096,"caption":"Zak\u0142ad opieku\u0144czy - Dom Seniora - Nad Strumykiem"},"image":{"@id":"https:\/\/www.domseniora.net\/#\/schema\/logo\/image\/"}}]}},"_links":{"self":[{"href":"https:\/\/www.domseniora.net\/index.php\/wp-json\/wp\/v2\/pages\/1174","targetHints":{"allow":["GET"]}}],"collection":[{"href":"https:\/\/www.domseniora.net\/index.php\/wp-json\/wp\/v2\/pages"}],"about":[{"href":"https:\/\/www.domseniora.net\/index.php\/wp-json\/wp\/v2\/types\/page"}],"author":[{"embeddable":true,"href":"https:\/\/www.domseniora.net\/index.php\/wp-json\/wp\/v2\/users\/1"}],"replies":[{"embeddable":true,"href":"https:\/\/www.domseniora.net\/index.php\/wp-json\/wp\/v2\/comments?post=1174"}],"version-history":[{"count":22,"href":"https:\/\/www.domseniora.net\/index.php\/wp-json\/wp\/v2\/pages\/1174\/revisions"}],"predecessor-version":[{"id":2254,"href":"https:\/\/www.domseniora.net\/index.php\/wp-json\/wp\/v2\/pages\/1174\/revisions\/2254"}],"wp:attachment":[{"href":"https:\/\/www.domseniora.net\/index.php\/wp-json\/wp\/v2\/media?parent=1174"}],"curies":[{"name":"wp","href":"https:\/\/api.w.org\/{rel}","templated":true}]}}