{"id":47,"date":"2025-01-08T23:45:19","date_gmt":"2025-01-08T23:45:19","guid":{"rendered":"https:\/\/www.domseniora.net\/?page_id=47"},"modified":"2025-02-28T11:49:08","modified_gmt":"2025-02-28T11:49:08","slug":"kontakt","status":"publish","type":"page","link":"https:\/\/www.domseniora.net\/index.php\/kontakt\/","title":{"rendered":"Kontakt"},"content":{"rendered":"\t\t<div data-elementor-type=\"wp-page\" data-elementor-id=\"47\" class=\"elementor elementor-47\">\n\t\t\t\t\t\t<section data-particle_enable=\"false\" data-particle-mobile-disabled=\"false\" class=\"elementor-section elementor-top-section elementor-element elementor-element-2303006 elementor-section-boxed elementor-section-height-default elementor-section-height-default\" data-id=\"2303006\" data-element_type=\"section\" data-e-type=\"section\">\n\t\t\t\t\t\t<div class=\"elementor-container elementor-column-gap-default\">\n\t\t\t\t\t<div class=\"elementor-column elementor-col-100 elementor-top-column elementor-element elementor-element-ecfb3c8\" data-id=\"ecfb3c8\" data-element_type=\"column\" data-e-type=\"column\">\n\t\t\t<div class=\"elementor-widget-wrap\">\n\t\t\t\t\t\t\t<\/div>\n\t\t<\/div>\n\t\t\t\t\t<\/div>\n\t\t<\/section>\n\t\t\t\t<section data-particle_enable=\"false\" data-particle-mobile-disabled=\"false\" class=\"elementor-section elementor-top-section elementor-element elementor-element-dbad3e4 elementor-section-content-middle elementor-section-full_width elementor-section-stretched elementor-section-height-min-height elementor-section-height-default elementor-section-items-middle\" data-id=\"dbad3e4\" data-element_type=\"section\" data-e-type=\"section\" data-settings=\"{&quot;background_background&quot;:&quot;classic&quot;,&quot;stretch_section&quot;:&quot;section-stretched&quot;}\">\n\t\t\t\t\t\t<div class=\"elementor-container elementor-column-gap-default\">\n\t\t\t\t\t<div class=\"elementor-column elementor-col-50 elementor-top-column elementor-element elementor-element-f74a2a8\" data-id=\"f74a2a8\" data-element_type=\"column\" data-e-type=\"column\" data-settings=\"{&quot;background_background&quot;:&quot;classic&quot;}\">\n\t\t\t<div class=\"elementor-widget-wrap elementor-element-populated\">\n\t\t\t\t\t\t<div class=\"elementor-element elementor-element-6dceb28 elementor-widget elementor-widget-heading\" data-id=\"6dceb28\" data-element_type=\"widget\" data-e-type=\"widget\" data-widget_type=\"heading.default\">\n\t\t\t\t<div class=\"elementor-widget-container\">\n\t\t\t\t\t<h4 class=\"elementor-heading-title elementor-size-default\">Skontakuj si\u0119 z Nami!<\/h4>\t\t\t\t<\/div>\n\t\t\t\t<\/div>\n\t\t\t\t<div class=\"elementor-element elementor-element-fc73fec elementor-align-left elementor-tablet-align-justify elementor-widget elementor-widget-button\" data-id=\"fc73fec\" data-element_type=\"widget\" data-e-type=\"widget\" data-widget_type=\"button.default\">\n\t\t\t\t<div class=\"elementor-widget-container\">\n\t\t\t\t\t\t\t\t\t<div class=\"elementor-button-wrapper\">\n\t\t\t\t\t<a class=\"elementor-button elementor-button-link elementor-size-sm elementor-animation-float\" href=\"tel:%20+48%20666%20566%20756\">\n\t\t\t\t\t\t<span class=\"elementor-button-content-wrapper\">\n\t\t\t\t\t\t<span class=\"elementor-button-icon\">\n\t\t\t\t<i aria-hidden=\"true\" class=\"fas fa-angle-right\"><\/i>\t\t\t<\/span>\n\t\t\t\t\t\t\t\t\t<span class=\"elementor-button-text\">Zadzwo\u0144<\/span>\n\t\t\t\t\t<\/span>\n\t\t\t\t\t<\/a>\n\t\t\t\t<\/div>\n\t\t\t\t\t\t\t\t<\/div>\n\t\t\t\t<\/div>\n\t\t\t\t\t<\/div>\n\t\t<\/div>\n\t\t\t\t<div class=\"elementor-column elementor-col-50 elementor-top-column elementor-element elementor-element-20bf8b6\" data-id=\"20bf8b6\" data-element_type=\"column\" data-e-type=\"column\">\n\t\t\t<div class=\"elementor-widget-wrap\">\n\t\t\t\t\t\t\t<\/div>\n\t\t<\/div>\n\t\t\t\t\t<\/div>\n\t\t<\/section>\n\t\t\t\t<section data-particle_enable=\"false\" data-particle-mobile-disabled=\"false\" class=\"elementor-section elementor-top-section elementor-element elementor-element-809c12f elementor-section-content-middle elementor-section-boxed elementor-section-height-default elementor-section-height-default\" data-id=\"809c12f\" data-element_type=\"section\" data-e-type=\"section\" data-settings=\"{&quot;background_background&quot;:&quot;classic&quot;}\">\n\t\t\t\t\t\t\t<div class=\"elementor-background-overlay\"><\/div>\n\t\t\t\t\t\t\t<div class=\"elementor-container elementor-column-gap-wide\">\n\t\t\t\t\t<div class=\"elementor-column elementor-col-100 elementor-top-column elementor-element elementor-element-8c74dc8\" data-id=\"8c74dc8\" data-element_type=\"column\" data-e-type=\"column\">\n\t\t\t<div class=\"elementor-widget-wrap elementor-element-populated\">\n\t\t\t\t\t\t<div class=\"elementor-element elementor-element-cb67d78 elementor-widget-divider--view-line elementor-invisible elementor-widget elementor-widget-divider\" data-id=\"cb67d78\" data-element_type=\"widget\" data-e-type=\"widget\" data-settings=\"{&quot;_animation&quot;:&quot;fadeIn&quot;,&quot;_animation_delay&quot;:300}\" data-widget_type=\"divider.default\">\n\t\t\t\t<div class=\"elementor-widget-container\">\n\t\t\t\t\t\t\t<div class=\"elementor-divider\">\n\t\t\t<span class=\"elementor-divider-separator\">\n\t\t\t\t\t\t<\/span>\n\t\t<\/div>\n\t\t\t\t\t\t<\/div>\n\t\t\t\t<\/div>\n\t\t\t\t<div class=\"elementor-element elementor-element-268c8b6 elementor-widget elementor-widget-text-editor\" data-id=\"268c8b6\" data-element_type=\"widget\" data-e-type=\"widget\" data-widget_type=\"text-editor.default\">\n\t\t\t\t<div class=\"elementor-widget-container\">\n\t\t\t\t\t\t\t\t\t<p>ZAPYTANIA O STAN ZDROWIA PODOPIECZNYCH PROSIMY KIEROWA\u0106 POD NUMER:<a href=\"tel: +48436776580\"> +48 43 677 65 80<\/a> W GODZINACH 8 &#8211; 15.<\/p>\t\t\t\t\t\t\t\t<\/div>\n\t\t\t\t<\/div>\n\t\t\t\t\t<\/div>\n\t\t<\/div>\n\t\t\t\t\t<\/div>\n\t\t<\/section>\n\t\t\t\t<section data-particle_enable=\"false\" data-particle-mobile-disabled=\"false\" class=\"elementor-section elementor-top-section elementor-element elementor-element-1135056 elementor-section-full_width elementor-section-height-default elementor-section-height-default\" data-id=\"1135056\" data-element_type=\"section\" data-e-type=\"section\" data-settings=\"{&quot;background_background&quot;:&quot;classic&quot;}\">\n\t\t\t\t\t\t<div class=\"elementor-container elementor-column-gap-no\">\n\t\t\t\t\t<div class=\"elementor-column elementor-col-100 elementor-top-column elementor-element elementor-element-ae019e8\" data-id=\"ae019e8\" data-element_type=\"column\" data-e-type=\"column\">\n\t\t\t<div class=\"elementor-widget-wrap elementor-element-populated\">\n\t\t\t\t\t\t<div class=\"elementor-element elementor-element-cc1b6ce elementor-widget elementor-widget-google_maps\" data-id=\"cc1b6ce\" data-element_type=\"widget\" data-e-type=\"widget\" data-widget_type=\"google_maps.default\">\n\t\t\t\t<div class=\"elementor-widget-container\">\n\t\t\t\t\t\t\t<div class=\"elementor-custom-embed\">\n\t\t\t<iframe loading=\"lazy\"\n\t\t\t\t\tsrc=\"https:\/\/maps.google.com\/maps?q=%20Legendzin%202%2C%2095-083%20Legendzin&#038;t=m&#038;z=10&#038;output=embed&#038;iwloc=near\"\n\t\t\t\t\ttitle=\" Legendzin 2, 95-083 Legendzin\"\n\t\t\t\t\taria-label=\" Legendzin 2, 95-083 Legendzin\"\n\t\t\t><\/iframe>\n\t\t<\/div>\n\t\t\t\t\t\t<\/div>\n\t\t\t\t<\/div>\n\t\t\t\t\t<\/div>\n\t\t<\/div>\n\t\t\t\t\t<\/div>\n\t\t<\/section>\n\t\t\t\t<\/div>\n\t\t","protected":false},"excerpt":{"rendered":"<p>Skontakuj si\u0119 z Nami! Zadzwo\u0144 ZAPYTANIA O STAN ZDROWIA PODOPIECZNYCH PROSIMY KIEROWA\u0106 POD NUMER: +48 43 677 65 80 W GODZINACH 8 &#8211; 15.<\/p>\n","protected":false},"author":1,"featured_media":0,"parent":0,"menu_order":0,"comment_status":"closed","ping_status":"closed","template":"elementor_canvas","meta":{"footnotes":""},"class_list":["post-47","page","type-page","status-publish","hentry"],"yoast_head":"<!-- This site is optimized with the Yoast SEO plugin v26.8 - https:\/\/yoast.com\/product\/yoast-seo-wordpress\/ -->\n<title>Kontakt - Zak\u0142ad opieku\u0144czy - Dom Seniora - Nad Strumykiem<\/title>\n<meta name=\"robots\" content=\"index, follow, max-snippet:-1, max-image-preview:large, max-video-preview:-1\" \/>\n<link rel=\"canonical\" href=\"https:\/\/www.domseniora.net\/index.php\/kontakt\/\" \/>\n<meta property=\"og:locale\" content=\"pl_PL\" \/>\n<meta property=\"og:type\" content=\"article\" \/>\n<meta property=\"og:title\" content=\"Kontakt - Zak\u0142ad opieku\u0144czy - Dom Seniora - Nad Strumykiem\" \/>\n<meta property=\"og:description\" content=\"Skontakuj si\u0119 z Nami! Zadzwo\u0144 ZAPYTANIA O STAN ZDROWIA PODOPIECZNYCH PROSIMY KIEROWA\u0106 POD NUMER: +48 43 677 65 80 W GODZINACH 8 &#8211; 15.\" \/>\n<meta property=\"og:url\" content=\"https:\/\/www.domseniora.net\/index.php\/kontakt\/\" \/>\n<meta property=\"og:site_name\" content=\"Zak\u0142ad opieku\u0144czy - Dom Seniora - Nad Strumykiem\" \/>\n<meta property=\"article:modified_time\" content=\"2025-02-28T11:49:08+00:00\" \/>\n<meta name=\"twitter:card\" content=\"summary_large_image\" \/>\n<script type=\"application\/ld+json\" class=\"yoast-schema-graph\">{\"@context\":\"https:\/\/schema.org\",\"@graph\":[{\"@type\":\"WebPage\",\"@id\":\"https:\/\/www.domseniora.net\/index.php\/kontakt\/\",\"url\":\"https:\/\/www.domseniora.net\/index.php\/kontakt\/\",\"name\":\"Kontakt - Zak\u0142ad opieku\u0144czy - Dom Seniora - Nad Strumykiem\",\"isPartOf\":{\"@id\":\"https:\/\/www.domseniora.net\/#website\"},\"datePublished\":\"2025-01-08T23:45:19+00:00\",\"dateModified\":\"2025-02-28T11:49:08+00:00\",\"breadcrumb\":{\"@id\":\"https:\/\/www.domseniora.net\/index.php\/kontakt\/#breadcrumb\"},\"inLanguage\":\"pl-PL\",\"potentialAction\":[{\"@type\":\"ReadAction\",\"target\":[\"https:\/\/www.domseniora.net\/index.php\/kontakt\/\"]}]},{\"@type\":\"BreadcrumbList\",\"@id\":\"https:\/\/www.domseniora.net\/index.php\/kontakt\/#breadcrumb\",\"itemListElement\":[{\"@type\":\"ListItem\",\"position\":1,\"name\":\"Strona g\u0142\u00f3wna\",\"item\":\"https:\/\/www.domseniora.net\/\"},{\"@type\":\"ListItem\",\"position\":2,\"name\":\"Kontakt\"}]},{\"@type\":\"WebSite\",\"@id\":\"https:\/\/www.domseniora.net\/#website\",\"url\":\"https:\/\/www.domseniora.net\/\",\"name\":\"Zak\u0142ad opieku\u0144czy - Dom Seniora - Nad Strumykiem\",\"description\":\"Zielono mi\",\"publisher\":{\"@id\":\"https:\/\/www.domseniora.net\/#organization\"},\"potentialAction\":[{\"@type\":\"SearchAction\",\"target\":{\"@type\":\"EntryPoint\",\"urlTemplate\":\"https:\/\/www.domseniora.net\/?s={search_term_string}\"},\"query-input\":{\"@type\":\"PropertyValueSpecification\",\"valueRequired\":true,\"valueName\":\"search_term_string\"}}],\"inLanguage\":\"pl-PL\"},{\"@type\":\"Organization\",\"@id\":\"https:\/\/www.domseniora.net\/#organization\",\"name\":\"Zak\u0142ad opieku\u0144czy - Dom Seniora - Nad Strumykiem\",\"url\":\"https:\/\/www.domseniora.net\/\",\"logo\":{\"@type\":\"ImageObject\",\"inLanguage\":\"pl-PL\",\"@id\":\"https:\/\/www.domseniora.net\/#\/schema\/logo\/image\/\",\"url\":\"https:\/\/www.domseniora.net\/wp-content\/uploads\/2025\/06\/IMG_20250605_071240.jpg\",\"contentUrl\":\"https:\/\/www.domseniora.net\/wp-content\/uploads\/2025\/06\/IMG_20250605_071240.jpg\",\"width\":3072,\"height\":4096,\"caption\":\"Zak\u0142ad opieku\u0144czy - Dom Seniora - Nad Strumykiem\"},\"image\":{\"@id\":\"https:\/\/www.domseniora.net\/#\/schema\/logo\/image\/\"}}]}<\/script>\n<!-- \/ Yoast SEO plugin. -->","yoast_head_json":{"title":"Kontakt - Zak\u0142ad opieku\u0144czy - Dom Seniora - Nad Strumykiem","robots":{"index":"index","follow":"follow","max-snippet":"max-snippet:-1","max-image-preview":"max-image-preview:large","max-video-preview":"max-video-preview:-1"},"canonical":"https:\/\/www.domseniora.net\/index.php\/kontakt\/","og_locale":"pl_PL","og_type":"article","og_title":"Kontakt - Zak\u0142ad opieku\u0144czy - Dom Seniora - Nad Strumykiem","og_description":"Skontakuj si\u0119 z Nami! Zadzwo\u0144 ZAPYTANIA O STAN ZDROWIA PODOPIECZNYCH PROSIMY KIEROWA\u0106 POD NUMER: +48 43 677 65 80 W GODZINACH 8 &#8211; 15.","og_url":"https:\/\/www.domseniora.net\/index.php\/kontakt\/","og_site_name":"Zak\u0142ad opieku\u0144czy - Dom Seniora - Nad Strumykiem","article_modified_time":"2025-02-28T11:49:08+00:00","twitter_card":"summary_large_image","schema":{"@context":"https:\/\/schema.org","@graph":[{"@type":"WebPage","@id":"https:\/\/www.domseniora.net\/index.php\/kontakt\/","url":"https:\/\/www.domseniora.net\/index.php\/kontakt\/","name":"Kontakt - Zak\u0142ad opieku\u0144czy - Dom Seniora - Nad Strumykiem","isPartOf":{"@id":"https:\/\/www.domseniora.net\/#website"},"datePublished":"2025-01-08T23:45:19+00:00","dateModified":"2025-02-28T11:49:08+00:00","breadcrumb":{"@id":"https:\/\/www.domseniora.net\/index.php\/kontakt\/#breadcrumb"},"inLanguage":"pl-PL","potentialAction":[{"@type":"ReadAction","target":["https:\/\/www.domseniora.net\/index.php\/kontakt\/"]}]},{"@type":"BreadcrumbList","@id":"https:\/\/www.domseniora.net\/index.php\/kontakt\/#breadcrumb","itemListElement":[{"@type":"ListItem","position":1,"name":"Strona g\u0142\u00f3wna","item":"https:\/\/www.domseniora.net\/"},{"@type":"ListItem","position":2,"name":"Kontakt"}]},{"@type":"WebSite","@id":"https:\/\/www.domseniora.net\/#website","url":"https:\/\/www.domseniora.net\/","name":"Zak\u0142ad opieku\u0144czy - Dom Seniora - Nad Strumykiem","description":"Zielono mi","publisher":{"@id":"https:\/\/www.domseniora.net\/#organization"},"potentialAction":[{"@type":"SearchAction","target":{"@type":"EntryPoint","urlTemplate":"https:\/\/www.domseniora.net\/?s={search_term_string}"},"query-input":{"@type":"PropertyValueSpecification","valueRequired":true,"valueName":"search_term_string"}}],"inLanguage":"pl-PL"},{"@type":"Organization","@id":"https:\/\/www.domseniora.net\/#organization","name":"Zak\u0142ad opieku\u0144czy - Dom Seniora - Nad Strumykiem","url":"https:\/\/www.domseniora.net\/","logo":{"@type":"ImageObject","inLanguage":"pl-PL","@id":"https:\/\/www.domseniora.net\/#\/schema\/logo\/image\/","url":"https:\/\/www.domseniora.net\/wp-content\/uploads\/2025\/06\/IMG_20250605_071240.jpg","contentUrl":"https:\/\/www.domseniora.net\/wp-content\/uploads\/2025\/06\/IMG_20250605_071240.jpg","width":3072,"height":4096,"caption":"Zak\u0142ad opieku\u0144czy - Dom Seniora - Nad Strumykiem"},"image":{"@id":"https:\/\/www.domseniora.net\/#\/schema\/logo\/image\/"}}]}},"_links":{"self":[{"href":"https:\/\/www.domseniora.net\/index.php\/wp-json\/wp\/v2\/pages\/47","targetHints":{"allow":["GET"]}}],"collection":[{"href":"https:\/\/www.domseniora.net\/index.php\/wp-json\/wp\/v2\/pages"}],"about":[{"href":"https:\/\/www.domseniora.net\/index.php\/wp-json\/wp\/v2\/types\/page"}],"author":[{"embeddable":true,"href":"https:\/\/www.domseniora.net\/index.php\/wp-json\/wp\/v2\/users\/1"}],"replies":[{"embeddable":true,"href":"https:\/\/www.domseniora.net\/index.php\/wp-json\/wp\/v2\/comments?post=47"}],"version-history":[{"count":20,"href":"https:\/\/www.domseniora.net\/index.php\/wp-json\/wp\/v2\/pages\/47\/revisions"}],"predecessor-version":[{"id":2063,"href":"https:\/\/www.domseniora.net\/index.php\/wp-json\/wp\/v2\/pages\/47\/revisions\/2063"}],"wp:attachment":[{"href":"https:\/\/www.domseniora.net\/index.php\/wp-json\/wp\/v2\/media?parent=47"}],"curies":[{"name":"wp","href":"https:\/\/api.w.org\/{rel}","templated":true}]}}