{"id":819,"date":"2025-05-05T12:26:01","date_gmt":"2025-05-05T12:26:01","guid":{"rendered":"https:\/\/www.domseniora.net\/?page_id=819"},"modified":"2026-02-13T20:22:30","modified_gmt":"2026-02-13T20:22:30","slug":"aktualnosci","status":"publish","type":"page","link":"https:\/\/www.domseniora.net\/index.php\/aktualnosci\/","title":{"rendered":"Aktualno\u015bci"},"content":{"rendered":"\t\t<div data-elementor-type=\"wp-page\" data-elementor-id=\"819\" class=\"elementor elementor-819\">\n\t\t\t\t\t\t<section data-particle_enable=\"false\" data-particle-mobile-disabled=\"false\" class=\"elementor-section elementor-top-section elementor-element elementor-element-557d1cd elementor-section-boxed elementor-section-height-default elementor-section-height-default\" data-id=\"557d1cd\" data-element_type=\"section\" data-e-type=\"section\">\n\t\t\t\t\t\t<div class=\"elementor-container elementor-column-gap-default\">\n\t\t\t\t\t<div class=\"elementor-column elementor-col-100 elementor-top-column elementor-element elementor-element-6b9ba78\" data-id=\"6b9ba78\" data-element_type=\"column\" data-e-type=\"column\">\n\t\t\t<div class=\"elementor-widget-wrap elementor-element-populated\">\n\t\t\t\t\t\t<div class=\"elementor-element elementor-element-d6159ce elementor-widget elementor-widget-spacer\" data-id=\"d6159ce\" data-element_type=\"widget\" data-e-type=\"widget\" data-widget_type=\"spacer.default\">\n\t\t\t\t<div class=\"elementor-widget-container\">\n\t\t\t\t\t\t\t<div class=\"elementor-spacer\">\n\t\t\t<div class=\"elementor-spacer-inner\"><\/div>\n\t\t<\/div>\n\t\t\t\t\t\t<\/div>\n\t\t\t\t<\/div>\n\t\t\t\t<div class=\"elementor-element elementor-element-7d62f53 elementor-grid-3 elementor-grid-tablet-2 elementor-grid-mobile-1 elementor-posts--thumbnail-top elementor-widget elementor-widget-posts\" data-id=\"7d62f53\" data-element_type=\"widget\" data-e-type=\"widget\" data-settings=\"{&quot;classic_masonry&quot;:&quot;yes&quot;,&quot;pagination_type&quot;:&quot;numbers_and_prev_next&quot;,&quot;classic_columns&quot;:&quot;3&quot;,&quot;classic_columns_tablet&quot;:&quot;2&quot;,&quot;classic_columns_mobile&quot;:&quot;1&quot;,&quot;classic_row_gap&quot;:{&quot;unit&quot;:&quot;px&quot;,&quot;size&quot;:35,&quot;sizes&quot;:[]},&quot;classic_row_gap_tablet&quot;:{&quot;unit&quot;:&quot;px&quot;,&quot;size&quot;:&quot;&quot;,&quot;sizes&quot;:[]},&quot;classic_row_gap_mobile&quot;:{&quot;unit&quot;:&quot;px&quot;,&quot;size&quot;:&quot;&quot;,&quot;sizes&quot;:[]}}\" data-widget_type=\"posts.classic\">\n\t\t\t\t<div class=\"elementor-widget-container\">\n\t\t\t\t\t\t\t<div class=\"elementor-posts-container elementor-posts elementor-posts--skin-classic elementor-grid\">\n\t\t\t\t<article class=\"elementor-post elementor-grid-item post-2596 post type-post status-publish format-standard has-post-thumbnail hentry category-aktualnosci\">\n\t\t\t\t<a class=\"elementor-post__thumbnail__link\" href=\"https:\/\/www.domseniora.net\/index.php\/2026\/05\/09\/wiosenny-odpoczynek-na-tarasie-dps-nad-strumykiem\/\" >\n\t\t\t<div class=\"elementor-post__thumbnail\"><img fetchpriority=\"high\" decoding=\"async\" width=\"225\" height=\"300\" src=\"https:\/\/www.domseniora.net\/wp-content\/uploads\/2026\/05\/odpoczynek-na-tarasie-w-dps-225x300.webp\" class=\"attachment-medium size-medium wp-image-2601\" alt=\"Odpoczynek na tarasie w DPS\" srcset=\"https:\/\/www.domseniora.net\/wp-content\/uploads\/2026\/05\/odpoczynek-na-tarasie-w-dps-225x300.webp 225w, https:\/\/www.domseniora.net\/wp-content\/uploads\/2026\/05\/odpoczynek-na-tarasie-w-dps-768x1024.webp 768w, https:\/\/www.domseniora.net\/wp-content\/uploads\/2026\/05\/odpoczynek-na-tarasie-w-dps-1152x1536.webp 1152w, https:\/\/www.domseniora.net\/wp-content\/uploads\/2026\/05\/odpoczynek-na-tarasie-w-dps.webp 1200w\" sizes=\"(max-width: 225px) 100vw, 225px\" \/><\/div>\n\t\t<\/a>\n\t\t\t\t<div class=\"elementor-post__text\">\n\t\t\t\t<h3 class=\"elementor-post__title\">\n\t\t\t<a href=\"https:\/\/www.domseniora.net\/index.php\/2026\/05\/09\/wiosenny-odpoczynek-na-tarasie-dps-nad-strumykiem\/\" >\n\t\t\t\tWiosenny odpoczynek na tarasie DPS Nad Strumykiem\t\t\t<\/a>\n\t\t<\/h3>\n\t\t\t\t<div class=\"elementor-post__meta-data\">\n\t\t\t\t\t<span class=\"elementor-post-date\">\n\t\t\t9 maja, 2026\t\t<\/span>\n\t\t\t\t<span class=\"elementor-post-avatar\">\n\t\t\tBrak komentarzy\t\t<\/span>\n\t\t\t\t<\/div>\n\t\t\t\t<div class=\"elementor-post__excerpt\">\n\t\t\t<p>Wraz z nadej\u015bciem cieplejszych dni nasi mieszka\u0144cy coraz ch\u0119tniej sp\u0119dzaj\u0105 czas na \u015bwie\u017cym powietrzu. Taras w DPS Nad Strumykiem ponownie sta\u0142 si\u0119 miejscem codziennych spotka\u0144,<\/p>\n\t\t<\/div>\n\t\t\n\t\t<a class=\"elementor-post__read-more\" href=\"https:\/\/www.domseniora.net\/index.php\/2026\/05\/09\/wiosenny-odpoczynek-na-tarasie-dps-nad-strumykiem\/\" >\n\t\t\tSprawd\u017a wi\u0119cej\t\t<\/a>\n\n\t\t\t\t<\/div>\n\t\t\t\t<\/article>\n\t\t\t\t<article class=\"elementor-post elementor-grid-item post-2586 post type-post status-publish format-standard has-post-thumbnail hentry category-aktualnosci\">\n\t\t\t\t<a class=\"elementor-post__thumbnail__link\" href=\"https:\/\/www.domseniora.net\/index.php\/2026\/04\/28\/cieplo-ktore-leczy-niezwykla-moc-spotkan-ze-zwierzetami-w-dps-nad-strumykiem\/\" >\n\t\t\t<div class=\"elementor-post__thumbnail\"><img decoding=\"async\" width=\"201\" height=\"300\" src=\"https:\/\/www.domseniora.net\/wp-content\/uploads\/2026\/04\/pies-w-dps-z-mieszkancami-201x300.webp\" class=\"attachment-medium size-medium wp-image-2588\" alt=\"Pies w DPS z mieszka\u0144cami\" srcset=\"https:\/\/www.domseniora.net\/wp-content\/uploads\/2026\/04\/pies-w-dps-z-mieszkancami-201x300.webp 201w, https:\/\/www.domseniora.net\/wp-content\/uploads\/2026\/04\/pies-w-dps-z-mieszkancami-687x1024.webp 687w, https:\/\/www.domseniora.net\/wp-content\/uploads\/2026\/04\/pies-w-dps-z-mieszkancami-768x1145.webp 768w, https:\/\/www.domseniora.net\/wp-content\/uploads\/2026\/04\/pies-w-dps-z-mieszkancami.webp 872w\" sizes=\"(max-width: 201px) 100vw, 201px\" \/><\/div>\n\t\t<\/a>\n\t\t\t\t<div class=\"elementor-post__text\">\n\t\t\t\t<h3 class=\"elementor-post__title\">\n\t\t\t<a href=\"https:\/\/www.domseniora.net\/index.php\/2026\/04\/28\/cieplo-ktore-leczy-niezwykla-moc-spotkan-ze-zwierzetami-w-dps-nad-strumykiem\/\" >\n\t\t\t\tCiep\u0142o, kt\u00f3re leczy &#8211; niezwyk\u0142a moc spotka\u0144 ze zwierz\u0119tami w DPS Nad Strumykiem\t\t\t<\/a>\n\t\t<\/h3>\n\t\t\t\t<div class=\"elementor-post__meta-data\">\n\t\t\t\t\t<span class=\"elementor-post-date\">\n\t\t\t28 kwietnia, 2026\t\t<\/span>\n\t\t\t\t<span class=\"elementor-post-avatar\">\n\t\t\tBrak komentarzy\t\t<\/span>\n\t\t\t\t<\/div>\n\t\t\t\t<div class=\"elementor-post__excerpt\">\n\t\t\t<p>W DPS Nad Strumykiem dbamy o to, aby ka\u017cdy dzie\u0144 naszych mieszka\u0144c\u00f3w by\u0142 nie tylko bezpieczny, ale te\u017c pe\u0142en ciep\u0142a i prawdziwych emocji. To w\u0142a\u015bnie<\/p>\n\t\t<\/div>\n\t\t\n\t\t<a class=\"elementor-post__read-more\" href=\"https:\/\/www.domseniora.net\/index.php\/2026\/04\/28\/cieplo-ktore-leczy-niezwykla-moc-spotkan-ze-zwierzetami-w-dps-nad-strumykiem\/\" >\n\t\t\tSprawd\u017a wi\u0119cej\t\t<\/a>\n\n\t\t\t\t<\/div>\n\t\t\t\t<\/article>\n\t\t\t\t<article class=\"elementor-post elementor-grid-item post-2575 post type-post status-publish format-standard has-post-thumbnail hentry category-aktualnosci\">\n\t\t\t\t<a class=\"elementor-post__thumbnail__link\" href=\"https:\/\/www.domseniora.net\/index.php\/2026\/04\/15\/swieta-wielkanocnne-2026-w-dps-nad-strumykiem\/\" >\n\t\t\t<div class=\"elementor-post__thumbnail\"><img decoding=\"async\" width=\"226\" height=\"300\" src=\"https:\/\/www.domseniora.net\/wp-content\/uploads\/2026\/04\/nabozenstwo-wielkanocne-w-dps-226x300.webp\" class=\"attachment-medium size-medium wp-image-2577\" alt=\"Nabo\u017ce\u0144stwo wielkanocne w DPS\" srcset=\"https:\/\/www.domseniora.net\/wp-content\/uploads\/2026\/04\/nabozenstwo-wielkanocne-w-dps-226x300.webp 226w, https:\/\/www.domseniora.net\/wp-content\/uploads\/2026\/04\/nabozenstwo-wielkanocne-w-dps-771x1024.webp 771w, https:\/\/www.domseniora.net\/wp-content\/uploads\/2026\/04\/nabozenstwo-wielkanocne-w-dps-768x1020.webp 768w, https:\/\/www.domseniora.net\/wp-content\/uploads\/2026\/04\/nabozenstwo-wielkanocne-w-dps-1157x1536.webp 1157w, https:\/\/www.domseniora.net\/wp-content\/uploads\/2026\/04\/nabozenstwo-wielkanocne-w-dps.webp 1205w\" sizes=\"(max-width: 226px) 100vw, 226px\" \/><\/div>\n\t\t<\/a>\n\t\t\t\t<div class=\"elementor-post__text\">\n\t\t\t\t<h3 class=\"elementor-post__title\">\n\t\t\t<a href=\"https:\/\/www.domseniora.net\/index.php\/2026\/04\/15\/swieta-wielkanocnne-2026-w-dps-nad-strumykiem\/\" >\n\t\t\t\t\u015awi\u0119ta Wielkanocne 2026 w DPS \u201eNad Strumykiem\u201d\t\t\t<\/a>\n\t\t<\/h3>\n\t\t\t\t<div class=\"elementor-post__meta-data\">\n\t\t\t\t\t<span class=\"elementor-post-date\">\n\t\t\t15 kwietnia, 2026\t\t<\/span>\n\t\t\t\t<span class=\"elementor-post-avatar\">\n\t\t\tBrak komentarzy\t\t<\/span>\n\t\t\t\t<\/div>\n\t\t\t\t<div class=\"elementor-post__excerpt\">\n\t\t\t<p>W DPS \u201eNad Strumykiem\u201d Wielkanoc to nie tylko czas \u015bwi\u0105tecznych dekoracji, ale tak\u017ce wyj\u0105tkowy moment, w kt\u00f3rym szczeg\u00f3lne miejsce zajmuje wsp\u00f3lne jedzenie i tradycyjne \u015bwi\u0105teczne<\/p>\n\t\t<\/div>\n\t\t\n\t\t<a class=\"elementor-post__read-more\" href=\"https:\/\/www.domseniora.net\/index.php\/2026\/04\/15\/swieta-wielkanocnne-2026-w-dps-nad-strumykiem\/\" >\n\t\t\tSprawd\u017a wi\u0119cej\t\t<\/a>\n\n\t\t\t\t<\/div>\n\t\t\t\t<\/article>\n\t\t\t\t<article class=\"elementor-post elementor-grid-item post-2559 post type-post status-publish format-standard has-post-thumbnail hentry category-aktualnosci\">\n\t\t\t\t<a class=\"elementor-post__thumbnail__link\" href=\"https:\/\/www.domseniora.net\/index.php\/2026\/03\/29\/przygotowania-do-swiat-wielkanocnych-w-dps-nad-strumykiem\/\" >\n\t\t\t<div class=\"elementor-post__thumbnail\"><img loading=\"lazy\" decoding=\"async\" width=\"225\" height=\"300\" src=\"https:\/\/www.domseniora.net\/wp-content\/uploads\/2026\/03\/swieta-wielkanocne-w-domu-seniora-225x300.webp\" class=\"attachment-medium size-medium wp-image-2562\" alt=\"\u015awi\u0119ta wielkanocne w domu seniora\" srcset=\"https:\/\/www.domseniora.net\/wp-content\/uploads\/2026\/03\/swieta-wielkanocne-w-domu-seniora-225x300.webp 225w, https:\/\/www.domseniora.net\/wp-content\/uploads\/2026\/03\/swieta-wielkanocne-w-domu-seniora-768x1024.webp 768w, https:\/\/www.domseniora.net\/wp-content\/uploads\/2026\/03\/swieta-wielkanocne-w-domu-seniora-1152x1536.webp 1152w, https:\/\/www.domseniora.net\/wp-content\/uploads\/2026\/03\/swieta-wielkanocne-w-domu-seniora.webp 1200w\" sizes=\"(max-width: 225px) 100vw, 225px\" \/><\/div>\n\t\t<\/a>\n\t\t\t\t<div class=\"elementor-post__text\">\n\t\t\t\t<h3 class=\"elementor-post__title\">\n\t\t\t<a href=\"https:\/\/www.domseniora.net\/index.php\/2026\/03\/29\/przygotowania-do-swiat-wielkanocnych-w-dps-nad-strumykiem\/\" >\n\t\t\t\tPrzygotowania do \u015awi\u0105t Wielkanocnych w DPS \u201eNad Strumykiem\u201d\t\t\t<\/a>\n\t\t<\/h3>\n\t\t\t\t<div class=\"elementor-post__meta-data\">\n\t\t\t\t\t<span class=\"elementor-post-date\">\n\t\t\t29 marca, 2026\t\t<\/span>\n\t\t\t\t<span class=\"elementor-post-avatar\">\n\t\t\tBrak komentarzy\t\t<\/span>\n\t\t\t\t<\/div>\n\t\t\t\t<div class=\"elementor-post__excerpt\">\n\t\t\t<p>\u015awi\u0119ta Wielkanocne w naszym domu to czas szczeg\u00f3lny \u2013 pe\u0142en kolor\u00f3w, symboli i ciep\u0142ej, rodzinnej atmosfery. W wielu miejscach pojawiaj\u0105 si\u0119 \u015bwi\u0105teczne dekoracje: r\u0119cznie przygotowane<\/p>\n\t\t<\/div>\n\t\t\n\t\t<a class=\"elementor-post__read-more\" href=\"https:\/\/www.domseniora.net\/index.php\/2026\/03\/29\/przygotowania-do-swiat-wielkanocnych-w-dps-nad-strumykiem\/\" >\n\t\t\tSprawd\u017a wi\u0119cej\t\t<\/a>\n\n\t\t\t\t<\/div>\n\t\t\t\t<\/article>\n\t\t\t\t<article class=\"elementor-post elementor-grid-item post-2550 post type-post status-publish format-standard has-post-thumbnail hentry category-aktualnosci\">\n\t\t\t\t<a class=\"elementor-post__thumbnail__link\" href=\"https:\/\/www.domseniora.net\/index.php\/2026\/03\/29\/domowe-posilki-w-dps-nad-strumykiem\/\" >\n\t\t\t<div class=\"elementor-post__thumbnail\"><img loading=\"lazy\" decoding=\"async\" width=\"225\" height=\"300\" src=\"https:\/\/www.domseniora.net\/wp-content\/uploads\/2026\/03\/obiad-w-domu-seniora-225x300.webp\" class=\"attachment-medium size-medium wp-image-2553\" alt=\"Obiad w domu seniora\" srcset=\"https:\/\/www.domseniora.net\/wp-content\/uploads\/2026\/03\/obiad-w-domu-seniora-225x300.webp 225w, https:\/\/www.domseniora.net\/wp-content\/uploads\/2026\/03\/obiad-w-domu-seniora-768x1024.webp 768w, https:\/\/www.domseniora.net\/wp-content\/uploads\/2026\/03\/obiad-w-domu-seniora.webp 1100w\" sizes=\"(max-width: 225px) 100vw, 225px\" \/><\/div>\n\t\t<\/a>\n\t\t\t\t<div class=\"elementor-post__text\">\n\t\t\t\t<h3 class=\"elementor-post__title\">\n\t\t\t<a href=\"https:\/\/www.domseniora.net\/index.php\/2026\/03\/29\/domowe-posilki-w-dps-nad-strumykiem\/\" >\n\t\t\t\tDomowe posi\u0142ki w DPS \u201eNad Strumykiem\u201d\t\t\t<\/a>\n\t\t<\/h3>\n\t\t\t\t<div class=\"elementor-post__meta-data\">\n\t\t\t\t\t<span class=\"elementor-post-date\">\n\t\t\t29 marca, 2026\t\t<\/span>\n\t\t\t\t<span class=\"elementor-post-avatar\">\n\t\t\tBrak komentarzy\t\t<\/span>\n\t\t\t\t<\/div>\n\t\t\t\t<div class=\"elementor-post__excerpt\">\n\t\t\t<p>W naszym Domu Pomocy Spo\u0142ecznej \u201eNad Strumykiem\u201d przyk\u0142adamy du\u017c\u0105 wag\u0119 do jako\u015bci i smaku codziennych posi\u0142k\u00f3w. Wiemy, \u017ce dobre jedzenie to nie tylko potrzeba, ale<\/p>\n\t\t<\/div>\n\t\t\n\t\t<a class=\"elementor-post__read-more\" href=\"https:\/\/www.domseniora.net\/index.php\/2026\/03\/29\/domowe-posilki-w-dps-nad-strumykiem\/\" >\n\t\t\tSprawd\u017a wi\u0119cej\t\t<\/a>\n\n\t\t\t\t<\/div>\n\t\t\t\t<\/article>\n\t\t\t\t<article class=\"elementor-post elementor-grid-item post-2533 post type-post status-publish format-standard has-post-thumbnail hentry category-aktualnosci\">\n\t\t\t\t<a class=\"elementor-post__thumbnail__link\" href=\"https:\/\/www.domseniora.net\/index.php\/2026\/03\/18\/nasz-dom-przestrzen-w-ktorej-chce-sie-byc\/\" >\n\t\t\t<div class=\"elementor-post__thumbnail\"><img loading=\"lazy\" decoding=\"async\" width=\"253\" height=\"300\" src=\"https:\/\/www.domseniora.net\/wp-content\/uploads\/2026\/03\/budynek-dps-nad-strumykiem-253x300.webp\" class=\"attachment-medium size-medium wp-image-2541\" alt=\"Budynek DPS Nad Strumykiem\" srcset=\"https:\/\/www.domseniora.net\/wp-content\/uploads\/2026\/03\/budynek-dps-nad-strumykiem-253x300.webp 253w, https:\/\/www.domseniora.net\/wp-content\/uploads\/2026\/03\/budynek-dps-nad-strumykiem.webp 569w\" sizes=\"(max-width: 253px) 100vw, 253px\" \/><\/div>\n\t\t<\/a>\n\t\t\t\t<div class=\"elementor-post__text\">\n\t\t\t\t<h3 class=\"elementor-post__title\">\n\t\t\t<a href=\"https:\/\/www.domseniora.net\/index.php\/2026\/03\/18\/nasz-dom-przestrzen-w-ktorej-chce-sie-byc\/\" >\n\t\t\t\tNasz Dom \u2013 przestrze\u0144, w kt\u00f3rej chce si\u0119 by\u0107\t\t\t<\/a>\n\t\t<\/h3>\n\t\t\t\t<div class=\"elementor-post__meta-data\">\n\t\t\t\t\t<span class=\"elementor-post-date\">\n\t\t\t18 marca, 2026\t\t<\/span>\n\t\t\t\t<span class=\"elementor-post-avatar\">\n\t\t\tBrak komentarzy\t\t<\/span>\n\t\t\t\t<\/div>\n\t\t\t\t<div class=\"elementor-post__excerpt\">\n\t\t\t<p>Nasz Dom to miejsce, w kt\u00f3rym od pierwszego kroku czu\u0107 spok\u00f3j i bezpiecze\u0144stwo. Jasne, przestronne wn\u0119trza tworz\u0105 atmosfer\u0119 ciep\u0142a i harmonii, a starannie dobrane detale<\/p>\n\t\t<\/div>\n\t\t\n\t\t<a class=\"elementor-post__read-more\" href=\"https:\/\/www.domseniora.net\/index.php\/2026\/03\/18\/nasz-dom-przestrzen-w-ktorej-chce-sie-byc\/\" >\n\t\t\tSprawd\u017a wi\u0119cej\t\t<\/a>\n\n\t\t\t\t<\/div>\n\t\t\t\t<\/article>\n\t\t\t\t<\/div>\n\t\t\n\t\t\t\t<div class=\"e-load-more-anchor\" data-page=\"1\" data-max-page=\"15\" data-next-page=\"https:\/\/www.domseniora.net\/index.php\/wp-json\/wp\/v2\/pages\/819\/page\/2\/\"><\/div>\n\t\t\t\t<nav class=\"elementor-pagination\" aria-label=\"Pagination\">\n\t\t\t<span class=\"page-numbers prev\">&laquo; Poprzednia<\/span>\n<span aria-current=\"page\" class=\"page-numbers current\"><span class=\"elementor-screen-only\">Page<\/span>1<\/span>\n<a class=\"page-numbers\" href=\"https:\/\/www.domseniora.net\/index.php\/wp-json\/wp\/v2\/pages\/819\/page\/2\/\"><span class=\"elementor-screen-only\">Page<\/span>2<\/a>\n<a class=\"page-numbers\" href=\"https:\/\/www.domseniora.net\/index.php\/wp-json\/wp\/v2\/pages\/819\/page\/3\/\"><span class=\"elementor-screen-only\">Page<\/span>3<\/a>\n<span class=\"page-numbers dots\">&hellip;<\/span>\n<a class=\"page-numbers\" href=\"https:\/\/www.domseniora.net\/index.php\/wp-json\/wp\/v2\/pages\/819\/page\/15\/\"><span class=\"elementor-screen-only\">Page<\/span>15<\/a>\n<a class=\"page-numbers next\" href=\"https:\/\/www.domseniora.net\/index.php\/wp-json\/wp\/v2\/pages\/819\/page\/2\/\">Nast\u0119pna &raquo;<\/a>\t\t<\/nav>\n\t\t\t\t\t\t<\/div>\n\t\t\t\t<\/div>\n\t\t\t\t\t<\/div>\n\t\t<\/div>\n\t\t\t\t\t<\/div>\n\t\t<\/section>\n\t\t\t\t<\/div>\n\t\t","protected":false},"excerpt":{"rendered":"","protected":false},"author":1,"featured_media":0,"parent":0,"menu_order":0,"comment_status":"closed","ping_status":"closed","template":"elementor_header_footer","meta":{"footnotes":""},"class_list":["post-819","page","type-page","status-publish","hentry"],"yoast_head":"<!-- This site is optimized with the Yoast SEO plugin v26.8 - https:\/\/yoast.com\/product\/yoast-seo-wordpress\/ -->\n<title>Aktualno\u015bci - Zak\u0142ad opieku\u0144czy - Dom Seniora - Nad Strumykiem<\/title>\n<meta name=\"robots\" content=\"index, follow, max-snippet:-1, max-image-preview:large, max-video-preview:-1\" \/>\n<link rel=\"canonical\" href=\"https:\/\/www.domseniora.net\/index.php\/aktualnosci\/\" \/>\n<meta property=\"og:locale\" content=\"pl_PL\" \/>\n<meta property=\"og:type\" content=\"article\" \/>\n<meta property=\"og:title\" content=\"Aktualno\u015bci - Zak\u0142ad opieku\u0144czy - Dom Seniora - Nad Strumykiem\" \/>\n<meta property=\"og:url\" content=\"https:\/\/www.domseniora.net\/index.php\/aktualnosci\/\" \/>\n<meta property=\"og:site_name\" content=\"Zak\u0142ad opieku\u0144czy - Dom Seniora - Nad Strumykiem\" \/>\n<meta property=\"article:modified_time\" content=\"2026-02-13T20:22:30+00:00\" \/>\n<meta name=\"twitter:card\" content=\"summary_large_image\" \/>\n<meta name=\"twitter:label1\" content=\"Szacowany czas czytania\" \/>\n\t<meta name=\"twitter:data1\" content=\"3 minuty\" \/>\n<script type=\"application\/ld+json\" class=\"yoast-schema-graph\">{\"@context\":\"https:\/\/schema.org\",\"@graph\":[{\"@type\":\"WebPage\",\"@id\":\"https:\/\/www.domseniora.net\/index.php\/aktualnosci\/\",\"url\":\"https:\/\/www.domseniora.net\/index.php\/aktualnosci\/\",\"name\":\"Aktualno\u015bci - Zak\u0142ad opieku\u0144czy - Dom Seniora - Nad Strumykiem\",\"isPartOf\":{\"@id\":\"http:\/\/www.domseniora.net\/#website\"},\"datePublished\":\"2025-05-05T12:26:01+00:00\",\"dateModified\":\"2026-02-13T20:22:30+00:00\",\"breadcrumb\":{\"@id\":\"https:\/\/www.domseniora.net\/index.php\/aktualnosci\/#breadcrumb\"},\"inLanguage\":\"pl-PL\",\"potentialAction\":[{\"@type\":\"ReadAction\",\"target\":[\"https:\/\/www.domseniora.net\/index.php\/aktualnosci\/\"]}]},{\"@type\":\"BreadcrumbList\",\"@id\":\"https:\/\/www.domseniora.net\/index.php\/aktualnosci\/#breadcrumb\",\"itemListElement\":[{\"@type\":\"ListItem\",\"position\":1,\"name\":\"Strona g\u0142\u00f3wna\",\"item\":\"http:\/\/www.domseniora.net\/\"},{\"@type\":\"ListItem\",\"position\":2,\"name\":\"Aktualno\u015bci\"}]},{\"@type\":\"WebSite\",\"@id\":\"http:\/\/www.domseniora.net\/#website\",\"url\":\"http:\/\/www.domseniora.net\/\",\"name\":\"Zak\u0142ad opieku\u0144czy - Dom Seniora - Nad Strumykiem\",\"description\":\"Zielono mi\",\"publisher\":{\"@id\":\"http:\/\/www.domseniora.net\/#organization\"},\"potentialAction\":[{\"@type\":\"SearchAction\",\"target\":{\"@type\":\"EntryPoint\",\"urlTemplate\":\"http:\/\/www.domseniora.net\/?s={search_term_string}\"},\"query-input\":{\"@type\":\"PropertyValueSpecification\",\"valueRequired\":true,\"valueName\":\"search_term_string\"}}],\"inLanguage\":\"pl-PL\"},{\"@type\":\"Organization\",\"@id\":\"http:\/\/www.domseniora.net\/#organization\",\"name\":\"Zak\u0142ad opieku\u0144czy - Dom Seniora - Nad Strumykiem\",\"url\":\"http:\/\/www.domseniora.net\/\",\"logo\":{\"@type\":\"ImageObject\",\"inLanguage\":\"pl-PL\",\"@id\":\"http:\/\/www.domseniora.net\/#\/schema\/logo\/image\/\",\"url\":\"https:\/\/www.domseniora.net\/wp-content\/uploads\/2025\/06\/IMG_20250605_071240.jpg\",\"contentUrl\":\"https:\/\/www.domseniora.net\/wp-content\/uploads\/2025\/06\/IMG_20250605_071240.jpg\",\"width\":3072,\"height\":4096,\"caption\":\"Zak\u0142ad opieku\u0144czy - Dom Seniora - Nad Strumykiem\"},\"image\":{\"@id\":\"http:\/\/www.domseniora.net\/#\/schema\/logo\/image\/\"}}]}<\/script>\n<!-- \/ Yoast SEO plugin. -->","yoast_head_json":{"title":"Aktualno\u015bci - Zak\u0142ad opieku\u0144czy - Dom Seniora - Nad Strumykiem","robots":{"index":"index","follow":"follow","max-snippet":"max-snippet:-1","max-image-preview":"max-image-preview:large","max-video-preview":"max-video-preview:-1"},"canonical":"https:\/\/www.domseniora.net\/index.php\/aktualnosci\/","og_locale":"pl_PL","og_type":"article","og_title":"Aktualno\u015bci - Zak\u0142ad opieku\u0144czy - Dom Seniora - Nad Strumykiem","og_url":"https:\/\/www.domseniora.net\/index.php\/aktualnosci\/","og_site_name":"Zak\u0142ad opieku\u0144czy - Dom Seniora - Nad Strumykiem","article_modified_time":"2026-02-13T20:22:30+00:00","twitter_card":"summary_large_image","twitter_misc":{"Szacowany czas czytania":"3 minuty"},"schema":{"@context":"https:\/\/schema.org","@graph":[{"@type":"WebPage","@id":"https:\/\/www.domseniora.net\/index.php\/aktualnosci\/","url":"https:\/\/www.domseniora.net\/index.php\/aktualnosci\/","name":"Aktualno\u015bci - Zak\u0142ad opieku\u0144czy - Dom Seniora - Nad Strumykiem","isPartOf":{"@id":"http:\/\/www.domseniora.net\/#website"},"datePublished":"2025-05-05T12:26:01+00:00","dateModified":"2026-02-13T20:22:30+00:00","breadcrumb":{"@id":"https:\/\/www.domseniora.net\/index.php\/aktualnosci\/#breadcrumb"},"inLanguage":"pl-PL","potentialAction":[{"@type":"ReadAction","target":["https:\/\/www.domseniora.net\/index.php\/aktualnosci\/"]}]},{"@type":"BreadcrumbList","@id":"https:\/\/www.domseniora.net\/index.php\/aktualnosci\/#breadcrumb","itemListElement":[{"@type":"ListItem","position":1,"name":"Strona g\u0142\u00f3wna","item":"http:\/\/www.domseniora.net\/"},{"@type":"ListItem","position":2,"name":"Aktualno\u015bci"}]},{"@type":"WebSite","@id":"http:\/\/www.domseniora.net\/#website","url":"http:\/\/www.domseniora.net\/","name":"Zak\u0142ad opieku\u0144czy - Dom Seniora - Nad Strumykiem","description":"Zielono mi","publisher":{"@id":"http:\/\/www.domseniora.net\/#organization"},"potentialAction":[{"@type":"SearchAction","target":{"@type":"EntryPoint","urlTemplate":"http:\/\/www.domseniora.net\/?s={search_term_string}"},"query-input":{"@type":"PropertyValueSpecification","valueRequired":true,"valueName":"search_term_string"}}],"inLanguage":"pl-PL"},{"@type":"Organization","@id":"http:\/\/www.domseniora.net\/#organization","name":"Zak\u0142ad opieku\u0144czy - Dom Seniora - Nad Strumykiem","url":"http:\/\/www.domseniora.net\/","logo":{"@type":"ImageObject","inLanguage":"pl-PL","@id":"http:\/\/www.domseniora.net\/#\/schema\/logo\/image\/","url":"https:\/\/www.domseniora.net\/wp-content\/uploads\/2025\/06\/IMG_20250605_071240.jpg","contentUrl":"https:\/\/www.domseniora.net\/wp-content\/uploads\/2025\/06\/IMG_20250605_071240.jpg","width":3072,"height":4096,"caption":"Zak\u0142ad opieku\u0144czy - Dom Seniora - Nad Strumykiem"},"image":{"@id":"http:\/\/www.domseniora.net\/#\/schema\/logo\/image\/"}}]}},"_links":{"self":[{"href":"https:\/\/www.domseniora.net\/index.php\/wp-json\/wp\/v2\/pages\/819","targetHints":{"allow":["GET"]}}],"collection":[{"href":"https:\/\/www.domseniora.net\/index.php\/wp-json\/wp\/v2\/pages"}],"about":[{"href":"https:\/\/www.domseniora.net\/index.php\/wp-json\/wp\/v2\/types\/page"}],"author":[{"embeddable":true,"href":"https:\/\/www.domseniora.net\/index.php\/wp-json\/wp\/v2\/users\/1"}],"replies":[{"embeddable":true,"href":"https:\/\/www.domseniora.net\/index.php\/wp-json\/wp\/v2\/comments?post=819"}],"version-history":[{"count":54,"href":"https:\/\/www.domseniora.net\/index.php\/wp-json\/wp\/v2\/pages\/819\/revisions"}],"predecessor-version":[{"id":2498,"href":"https:\/\/www.domseniora.net\/index.php\/wp-json\/wp\/v2\/pages\/819\/revisions\/2498"}],"wp:attachment":[{"href":"https:\/\/www.domseniora.net\/index.php\/wp-json\/wp\/v2\/media?parent=819"}],"curies":[{"name":"wp","href":"https:\/\/api.w.org\/{rel}","templated":true}]}}